{"id":364,"date":"2022-05-11T15:48:24","date_gmt":"2022-05-11T13:48:24","guid":{"rendered":"https:\/\/juliets.fr\/?page_id=364"},"modified":"2022-05-11T15:52:26","modified_gmt":"2022-05-11T13:52:26","slug":"rgpd","status":"publish","type":"page","link":"https:\/\/juliets.fr\/en\/rgpd\/","title":{"rendered":"RGPD"},"content":{"rendered":"\t\t<div data-elementor-type=\"wp-page\" data-elementor-id=\"364\" class=\"elementor elementor-364\">\n\t\t\t\t\t\t\t\t\t<section class=\"elementor-section elementor-top-section elementor-element elementor-element-9f27b8e elementor-section-boxed elementor-section-height-default elementor-section-height-default\" data-id=\"9f27b8e\" data-element_type=\"section\">\n\t\t\t\t\t\t<div class=\"elementor-container elementor-column-gap-default\">\n\t\t\t\t\t<div class=\"elementor-column elementor-col-100 elementor-top-column elementor-element elementor-element-3e85b24\" data-id=\"3e85b24\" data-element_type=\"column\">\n\t\t\t<div class=\"elementor-widget-wrap elementor-element-populated\">\n\t\t\t\t\t\t\t\t<div class=\"elementor-element elementor-element-0f25375 elementor-widget elementor-widget-heading\" data-id=\"0f25375\" data-element_type=\"widget\" data-widget_type=\"heading.default\">\n\t\t\t\t<div class=\"elementor-widget-container\">\n\t\t\t<style>\/*! elementor - v3.14.0 - 26-06-2023 *\/\n.elementor-heading-title{padding:0;margin:0;line-height:1}.elementor-widget-heading .elementor-heading-title[class*=elementor-size-]>a{color:inherit;font-size:inherit;line-height:inherit}.elementor-widget-heading .elementor-heading-title.elementor-size-small{font-size:15px}.elementor-widget-heading .elementor-heading-title.elementor-size-medium{font-size:19px}.elementor-widget-heading .elementor-heading-title.elementor-size-large{font-size:29px}.elementor-widget-heading .elementor-heading-title.elementor-size-xl{font-size:39px}.elementor-widget-heading .elementor-heading-title.elementor-size-xxl{font-size:59px}<\/style><h2 class=\"elementor-heading-title elementor-size-default\">Politique sur la confidentialit\u00e9 de donn\u00e9es (RGPD)<\/h2>\t\t<\/div>\n\t\t\t\t<\/div>\n\t\t\t\t\t<\/div>\n\t\t<\/div>\n\t\t\t\t\t\t\t<\/div>\n\t\t<\/section>\n\t\t\t\t<section class=\"elementor-section elementor-top-section elementor-element elementor-element-108b7f3 elementor-section-boxed elementor-section-height-default elementor-section-height-default\" data-id=\"108b7f3\" data-element_type=\"section\">\n\t\t\t\t\t\t<div class=\"elementor-container elementor-column-gap-default\">\n\t\t\t\t\t<div class=\"elementor-column elementor-col-100 elementor-top-column elementor-element elementor-element-9233e99\" data-id=\"9233e99\" data-element_type=\"column\">\n\t\t\t<div class=\"elementor-widget-wrap elementor-element-populated\">\n\t\t\t\t\t\t\t\t<div class=\"elementor-element elementor-element-711261e elementor-widget elementor-widget-text-editor\" data-id=\"711261e\" data-element_type=\"widget\" data-widget_type=\"text-editor.default\">\n\t\t\t\t<div class=\"elementor-widget-container\">\n\t\t\t<style>\/*! elementor - v3.14.0 - 26-06-2023 *\/\n.elementor-widget-text-editor.elementor-drop-cap-view-stacked .elementor-drop-cap{background-color:#69727d;color:#fff}.elementor-widget-text-editor.elementor-drop-cap-view-framed .elementor-drop-cap{color:#69727d;border:3px solid;background-color:transparent}.elementor-widget-text-editor:not(.elementor-drop-cap-view-default) .elementor-drop-cap{margin-top:8px}.elementor-widget-text-editor:not(.elementor-drop-cap-view-default) .elementor-drop-cap-letter{width:1em;height:1em}.elementor-widget-text-editor .elementor-drop-cap{float:left;text-align:center;line-height:1;font-size:50px}.elementor-widget-text-editor .elementor-drop-cap-letter{display:inline-block}<\/style>\t\t\t\t<p>Charte de gestion des donn\u00e9es personnelles Juliet&#8217;s Pet Care<\/p>\n<p><span style=\"font-style: inherit; font-weight: inherit; background-color: var(--ast-global-color-5);\">VEUILLEZ LIRE ATTENTIVEMENT LE PR\u00c9SENT DOCUMENT AVANT TOUTE UTILISATION DES SERVICES DU SITE INTERNET ET EN CONSERVER UNE COPIE&nbsp;<\/span><\/p>\n<p><span style=\"font-style: inherit; font-weight: inherit; background-color: var(--ast-global-color-5);\">Vos informations personnelles seront conserv\u00e9es <\/span><span style=\"font-style: inherit; background-color: var(--ast-global-color-5);\"><b>aussi longtemps que n\u00e9cessaire pendant toute la dur\u00e9e de fourniture de nos services et d\u2019ex\u00e9cution de nos relations commerciales,<\/b><\/span><span style=\"font-style: inherit; font-weight: inherit; background-color: var(--ast-global-color-5);\"> sauf si vous exercez votre droit de suppression des donn\u00e9es vous concernant, dans les conditions d\u00e9crites ci-apr\u00e8s, ou lorsqu\u2019une dur\u00e9e de conservation plus longue est autoris\u00e9e ou impos\u00e9e en vertu d\u2019une disposition l\u00e9gale ou r\u00e8glementaire.<\/span><\/p>\n<p><span style=\"background-color: var(--ast-global-color-5); font-style: inherit; font-weight: inherit;\">Pendant cette p\u00e9riode, nous mettons en place tous moyens aptes a\u0300 assurer la confidentialit\u00e9 et la s\u00e9curit\u00e9 de vos donn\u00e9es personnelles. L\u2019acc\u00e8s a\u0300 vos donn\u00e9es personnelles est strictement limite\u0301 <\/span><span style=\"background-color: var(--ast-global-color-5); font-style: inherit;\"><b>a\u0300 notre personnel administratif <\/b><\/span><span style=\"background-color: var(--ast-global-color-5); font-style: inherit; font-weight: inherit;\">: nos employe\u0301s et techniciens, notre service communication et le service comptable, et, le cas \u00e9ch\u00e9ant, a\u0300 nos sous-traitants. Les sous-traitants en question sont soumis a\u0300 une obligation de confidentialit\u00e9\u0301 et ne peuvent utiliser vos donn\u00e9es qu\u2019en conformit\u00e9\u0301 avec nos dispositions contractuelles et la l\u00e9gislation applicable.&nbsp;<\/span><\/p>\n<p><span style=\"background-color: var(--ast-global-color-5); font-style: inherit; font-weight: inherit;\">En dehors des cas \u00e9nonc\u00e9s ci-dessus, nous nous engageons <\/span><span style=\"background-color: var(--ast-global-color-5); font-style: inherit;\"><b>a\u0300 ne pas vendre, louer, c\u00e9der ni donner acc\u00e8s a\u0300 des tiers a\u0300 vos donn\u00e9es sans votre consentement pr\u00e9alable<\/b><\/span><span style=\"background-color: var(--ast-global-color-5); font-style: inherit; font-weight: inherit;\">, a\u0300 moins d\u2019y \u00eatre contraints en raison d\u2019un motif l\u00e9gitime (obligation l\u00e9gale, lutte contre la fraude ou l\u2019abus, exercice des droits de la d\u00e9fense, etc.).&nbsp;<\/span><\/p>\n<p><span style=\"background-color: var(--ast-global-color-5); font-style: inherit; font-weight: inherit;\">Conform\u00e9ment a\u0300 la loi \u00abinformatique et libert\u00e9s\u00bb du 6 janvier 1978 modifi\u00e9e et au R\u00e8glement europ\u00e9en n\u00b02016\/679\/UE du 27 avril 2016, applicable \u00e0 compter du 25 mai 2018, vous b\u00e9n\u00e9ficiez <\/span><span style=\"background-color: var(--ast-global-color-5); font-style: inherit;\"><b>d\u2019un droit d\u2019acc\u00e8s, de rectification, de portabilit\u00e9 et d\u2019effacement de vos donn\u00e9es ou encore de limitation du traitement<\/b><\/span><span style=\"background-color: var(--ast-global-color-5); font-style: inherit; font-weight: inherit;\">.&nbsp;<\/span><\/p>\n<p><span style=\"background-color: var(--ast-global-color-5); font-style: inherit; font-weight: inherit;\">Vous pouvez \u00e9galement, pour des motifs l\u00e9gitimes, <\/span><span style=\"background-color: var(--ast-global-color-5); font-style: inherit;\"><b>vous opposer au traitement des donn\u00e9es vous concernant.<\/b><\/span><span style=\"background-color: var(--ast-global-color-5); font-style: inherit; font-weight: inherit;\"> Vous pouvez, sous r\u00e9serve de la production d\u2019un justificatif d\u2019identit\u00e9 valide, exercer vos droits en contactant notre entreprise \u00e0 l\u2019adresse de son si\u00e8ge social figurant en bas de page. Si vous ne souhaitez pas \/ plus recevoir nos actualit\u00e9s et sollicitations (par t\u00e9l\u00e9phone, SMS, courrier postal ou \u00e9lectronique) et invitations, vous avez la facult\u00e9 de nous l\u2019indiquer dans le cadre du pr\u00e9sent formulaire, de modifier vos choix en nous contactant dans les conditions \u00e9voqu\u00e9es ci-dessus. Idem si vous ne souhaitez pas recevoir les actualit\u00e9s, invitations ou offres promotionnelles de nos partenaires.&nbsp;<\/span><\/p><p><span style=\"background-color: var(--ast-global-color-5); font-style: inherit; font-weight: inherit;\">Pour toute information compl\u00e9mentaire ou r\u00e9clamation, vous pouvez contacter la Commission Nationale de l\u2019Informatique et des Libert\u00e9s (plus d\u2019informations sur <\/span><span style=\"background-color: var(--ast-global-color-5); font-style: inherit;\"><b>www.cnil.fr<\/b><\/span><span style=\"background-color: var(--ast-global-color-5); font-style: inherit; font-weight: inherit;\">).&nbsp;<\/span><\/p><p><span style=\"background-color: var(--ast-global-color-5); font-style: inherit; font-weight: inherit;\">Pour tout exercice des droits relatifs aux donn\u00e9es personnelles, vous pouvez contacter : Par courrier : NETXPRESS 63B rue des Fr\u00e8re Lumi\u00e8res 59560 COMINES Par e-mail : info@juliets.fr Via le formulaire de contact disponible \u00e0 l\u2019adresse suivante : https:\/\/juliets.fr\/contact\/<\/span><\/p>\t\t\t\t\t\t<\/div>\n\t\t\t\t<\/div>\n\t\t\t\t\t<\/div>\n\t\t<\/div>\n\t\t\t\t\t\t\t<\/div>\n\t\t<\/section>\n\t\t\t\t\t\t\t<\/div>\n\t\t","protected":false},"excerpt":{"rendered":"<p>Politique sur la confidentialit\u00e9 de donn\u00e9es (RGPD) Charte de gestion des donn\u00e9es personnelles Juliet&#8217;s Pet Care VEUILLEZ LIRE ATTENTIVEMENT LE PR\u00c9SENT DOCUMENT AVANT TOUTE UTILISATION DES SERVICES DU SITE INTERNET ET EN CONSERVER UNE COPIE&nbsp; Vos informations personnelles seront conserv\u00e9es aussi longtemps que n\u00e9cessaire pendant toute la dur\u00e9e de fourniture de nos services et d\u2019ex\u00e9cution &hellip;<\/p>\n<p class=\"read-more\"> <a class=\"\" href=\"https:\/\/juliets.fr\/en\/rgpd\/\"> <span class=\"screen-reader-text\">RGPD<\/span> Read More &raquo;<\/a><\/p>","protected":false},"author":2,"featured_media":0,"parent":0,"menu_order":0,"comment_status":"closed","ping_status":"closed","template":"","meta":{"_monsterinsights_skip_tracking":false,"_monsterinsights_sitenote_active":false,"_monsterinsights_sitenote_note":"","_monsterinsights_sitenote_category":0,"site-sidebar-layout":"no-sidebar","site-content-layout":"page-builder","ast-site-content-layout":"","site-content-style":"default","site-sidebar-style":"default","ast-global-header-display":"","ast-banner-title-visibility":"","ast-main-header-display":"","ast-hfb-above-header-display":"","ast-hfb-below-header-display":"","ast-hfb-mobile-header-display":"","site-post-title":"disabled","ast-breadcrumbs-content":"","ast-featured-img":"disabled","footer-sml-layout":"","theme-transparent-header-meta":"","adv-header-id-meta":"","stick-header-meta":"","header-above-stick-meta":"","header-main-stick-meta":"","header-below-stick-meta":"","astra-migrate-meta-layouts":"default","ast-page-background-enabled":"default","ast-page-background-meta":{"desktop":{"background-color":"var(--ast-global-color-4)","background-image":"","background-repeat":"repeat","background-position":"center center","background-size":"auto","background-attachment":"scroll","background-type":"","background-media":"","overlay-type":"","overlay-color":"","overlay-gradient":""},"tablet":{"background-color":"","background-image":"","background-repeat":"repeat","background-position":"center center","background-size":"auto","background-attachment":"scroll","background-type":"","background-media":"","overlay-type":"","overlay-color":"","overlay-gradient":""},"mobile":{"background-color":"","background-image":"","background-repeat":"repeat","background-position":"center center","background-size":"auto","background-attachment":"scroll","background-type":"","background-media":"","overlay-type":"","overlay-color":"","overlay-gradient":""}},"ast-content-background-meta":{"desktop":{"background-color":"var(--ast-global-color-5)","background-image":"","background-repeat":"repeat","background-position":"center center","background-size":"auto","background-attachment":"scroll","background-type":"","background-media":"","overlay-type":"","overlay-color":"","overlay-gradient":""},"tablet":{"background-color":"var(--ast-global-color-5)","background-image":"","background-repeat":"repeat","background-position":"center center","background-size":"auto","background-attachment":"scroll","background-type":"","background-media":"","overlay-type":"","overlay-color":"","overlay-gradient":""},"mobile":{"background-color":"var(--ast-global-color-5)","background-image":"","background-repeat":"repeat","background-position":"center center","background-size":"auto","background-attachment":"scroll","background-type":"","background-media":"","overlay-type":"","overlay-color":"","overlay-gradient":""}},"footnotes":""},"class_list":["post-364","page","type-page","status-publish","hentry"],"jetpack_sharing_enabled":true,"_links":{"self":[{"href":"https:\/\/juliets.fr\/en\/wp-json\/wp\/v2\/pages\/364","targetHints":{"allow":["GET"]}}],"collection":[{"href":"https:\/\/juliets.fr\/en\/wp-json\/wp\/v2\/pages"}],"about":[{"href":"https:\/\/juliets.fr\/en\/wp-json\/wp\/v2\/types\/page"}],"author":[{"embeddable":true,"href":"https:\/\/juliets.fr\/en\/wp-json\/wp\/v2\/users\/2"}],"replies":[{"embeddable":true,"href":"https:\/\/juliets.fr\/en\/wp-json\/wp\/v2\/comments?post=364"}],"version-history":[{"count":4,"href":"https:\/\/juliets.fr\/en\/wp-json\/wp\/v2\/pages\/364\/revisions"}],"predecessor-version":[{"id":368,"href":"https:\/\/juliets.fr\/en\/wp-json\/wp\/v2\/pages\/364\/revisions\/368"}],"wp:attachment":[{"href":"https:\/\/juliets.fr\/en\/wp-json\/wp\/v2\/media?parent=364"}],"curies":[{"name":"wp","href":"https:\/\/api.w.org\/{rel}","templated":true}]}}